{"id":3012,"date":"2021-01-25T16:01:40","date_gmt":"2021-01-25T16:01:40","guid":{"rendered":"http:\/\/bariot.ee\/?page_id=3012"},"modified":"2021-03-07T06:49:20","modified_gmt":"2021-03-07T06:49:20","slug":"home","status":"publish","type":"page","link":"http:\/\/bariot.ee\/et\/","title":{"rendered":"AVALEHT"},"content":{"rendered":"\t\t<div data-elementor-type=\"wp-page\" data-elementor-id=\"3012\" class=\"elementor elementor-3012 elementor-1184\" data-elementor-settings=\"[]\">\n\t\t\t\t\t\t<div class=\"elementor-inner\">\n\t\t\t\t\t\t\t<div class=\"elementor-section-wrap\">\n\t\t\t\t\t\t\t<section class=\"elementor-section elementor-top-section elementor-element elementor-element-778f383 elementor-section-content-middle elementor-section-height-full elementor-section-full_width elementor-section-items-bottom elementor-section-height-default elementor-invisible\" data-id=\"778f383\" data-element_type=\"section\" data-settings=\"{&quot;background_background&quot;:&quot;classic&quot;,&quot;animation&quot;:&quot;none&quot;}\">\n\t\t\t\t\t\t\t<div class=\"elementor-background-overlay\"><\/div>\n\t\t\t\t\t\t\t<div class=\"elementor-container elementor-column-gap-no\">\n\t\t\t\t\t\t\t<div class=\"elementor-row\">\n\t\t\t\t\t<div class=\"elementor-column elementor-col-100 elementor-top-column elementor-element elementor-element-a08de8a\" data-id=\"a08de8a\" data-element_type=\"column\">\n\t\t\t<div class=\"elementor-column-wrap elementor-element-populated\">\n\t\t\t\t\t\t\t<div class=\"elementor-widget-wrap\">\n\t\t\t\t\t\t<section class=\"elementor-section elementor-inner-section elementor-element elementor-element-d0de9e7 elementor-section-content-top elementor-section-boxed elementor-section-height-default elementor-section-height-default\" data-id=\"d0de9e7\" data-element_type=\"section\">\n\t\t\t\t\t\t<div class=\"elementor-container elementor-column-gap-default\">\n\t\t\t\t\t\t\t<div class=\"elementor-row\">\n\t\t\t\t\t<div class=\"elementor-column elementor-col-100 elementor-inner-column elementor-element elementor-element-2fc2173\" data-id=\"2fc2173\" data-element_type=\"column\">\n\t\t\t<div class=\"elementor-column-wrap elementor-element-populated\">\n\t\t\t\t\t\t\t<div class=\"elementor-widget-wrap\">\n\t\t\t\t\t\t<div class=\"elementor-element elementor-element-fb28423 elementor-invisible elementor-widget elementor-widget-heading\" data-id=\"fb28423\" data-element_type=\"widget\" data-settings=\"{&quot;_animation&quot;:&quot;fadeInLeft&quot;}\" data-widget_type=\"heading.default\">\n\t\t\t\t<div class=\"elementor-widget-container\">\n\t\t\t<h1 class=\"elementor-heading-title elementor-size-default\">MEIE<br>\nMISSIOON<\/h1>\t\t<\/div>\n\t\t\t\t<\/div>\n\t\t\t\t<div class=\"elementor-element elementor-element-c330054 elementor-invisible elementor-widget elementor-widget-heading\" data-id=\"c330054\" data-element_type=\"widget\" data-settings=\"{&quot;_animation&quot;:&quot;fadeInLeft&quot;}\" data-widget_type=\"heading.default\">\n\t\t\t\t<div class=\"elementor-widget-container\">\n\t\t\t<p class=\"elementor-heading-title elementor-size-default\">Me ehitame maju\nkus ise elame\nja t\u00f6\u00f6tame<\/p>\t\t<\/div>\n\t\t\t\t<\/div>\n\t\t\t\t\t\t<\/div>\n\t\t\t\t\t<\/div>\n\t\t<\/div>\n\t\t\t\t\t\t\t\t<\/div>\n\t\t\t\t\t<\/div>\n\t\t<\/section>\n\t\t\t\t<section class=\"elementor-section elementor-inner-section elementor-element elementor-element-984006f elementor-section-content-bottom elementor-section-boxed elementor-section-height-default elementor-section-height-default\" data-id=\"984006f\" data-element_type=\"section\" data-settings=\"{&quot;background_background&quot;:&quot;classic&quot;}\">\n\t\t\t\t\t\t<div class=\"elementor-container elementor-column-gap-default\">\n\t\t\t\t\t\t\t<div class=\"elementor-row\">\n\t\t\t\t\t<div class=\"elementor-column elementor-col-100 elementor-inner-column elementor-element elementor-element-6c30d12\" data-id=\"6c30d12\" data-element_type=\"column\">\n\t\t\t<div class=\"elementor-column-wrap elementor-element-populated\">\n\t\t\t\t\t\t\t<div class=\"elementor-widget-wrap\">\n\t\t\t\t\t\t<div class=\"elementor-element elementor-element-3392db6 elementor-widget__width-inherit elementor-widget elementor-widget-text-editor\" data-id=\"3392db6\" data-element_type=\"widget\" data-widget_type=\"text-editor.default\">\n\t\t\t\t<div class=\"elementor-widget-container\">\n\t\t\t\t\t<div class=\"elementor-text-editor elementor-clearfix\"><p style=\"text-align: center;\"><span style=\"color: #999999; font-family: Hind, sans-serif; font-size: 16px; text-align: right; background-color: #32090d;\">Vesiv\u00e4rava 50, Tallinn 11412, Estonia <\/span><span style=\"color: #999999; font-family: Hind, sans-serif; font-size: 16px; text-align: right; background-color: #32090d;\">\u00a0| E-post: <\/span><span style=\"color: #6228b1; font-family: Hind, sans-serif; font-size: 16px; text-align: right; background-color: #32090d;\"><a style=\"color: #6228b1;\" href=\"mailto:info@bariot.ee\"><span style=\"font-weight: bolder; color: #333333;\"><span style=\"color: #ffffff;\">info@bariot.ee<\/span><\/span><\/a><\/span><\/p><\/div>\n\t\t\t\t<\/div>\n\t\t\t\t<\/div>\n\t\t\t\t\t\t<\/div>\n\t\t\t\t\t<\/div>\n\t\t<\/div>\n\t\t\t\t\t\t\t\t<\/div>\n\t\t\t\t\t<\/div>\n\t\t<\/section>\n\t\t\t\t\t\t<\/div>\n\t\t\t\t\t<\/div>\n\t\t<\/div>\n\t\t\t\t\t\t\t\t<\/div>\n\t\t\t\t\t<\/div>\n\t\t<\/section>\n\t\t\t\t\t\t<\/div>\n\t\t\t\t\t\t<\/div>\n\t\t\t\t\t<\/div>\n\t\t","protected":false},"excerpt":{"rendered":"<p>MEIE MISSIOON Me ehitame maju kus ise elame ja t\u00f6\u00f6tame Vesiv\u00e4rava 50, Tallinn 11412, Estonia \u00a0| E-post: info@bariot.ee<\/p>\n","protected":false},"author":2,"featured_media":0,"parent":0,"menu_order":0,"comment_status":"closed","ping_status":"closed","template":"elementor_header_footer","meta":[],"_links":{"self":[{"href":"http:\/\/bariot.ee\/et\/wp-json\/wp\/v2\/pages\/3012"}],"collection":[{"href":"http:\/\/bariot.ee\/et\/wp-json\/wp\/v2\/pages"}],"about":[{"href":"http:\/\/bariot.ee\/et\/wp-json\/wp\/v2\/types\/page"}],"author":[{"embeddable":true,"href":"http:\/\/bariot.ee\/et\/wp-json\/wp\/v2\/users\/2"}],"replies":[{"embeddable":true,"href":"http:\/\/bariot.ee\/et\/wp-json\/wp\/v2\/comments?post=3012"}],"version-history":[{"count":34,"href":"http:\/\/bariot.ee\/et\/wp-json\/wp\/v2\/pages\/3012\/revisions"}],"predecessor-version":[{"id":3372,"href":"http:\/\/bariot.ee\/et\/wp-json\/wp\/v2\/pages\/3012\/revisions\/3372"}],"wp:attachment":[{"href":"http:\/\/bariot.ee\/et\/wp-json\/wp\/v2\/media?parent=3012"}],"curies":[{"name":"wp","href":"https:\/\/api.w.org\/{rel}","templated":true}]}}