{"id":2921,"date":"2021-01-25T14:58:00","date_gmt":"2021-01-25T14:58:00","guid":{"rendered":"http:\/\/bariot.ee\/?page_id=2921"},"modified":"2021-03-23T08:52:18","modified_gmt":"2021-03-23T08:52:18","slug":"meist","status":"publish","type":"page","link":"http:\/\/bariot.ee\/et\/meist\/","title":{"rendered":"MEIST"},"content":{"rendered":"\t\t<div data-elementor-type=\"wp-page\" data-elementor-id=\"2921\" class=\"elementor elementor-2921 elementor-1360\" data-elementor-settings=\"[]\">\n\t\t\t\t\t\t<div class=\"elementor-inner\">\n\t\t\t\t\t\t\t<div class=\"elementor-section-wrap\">\n\t\t\t\t\t\t\t<section class=\"elementor-section elementor-top-section elementor-element elementor-element-c35079b elementor-section-content-middle elementor-section-boxed elementor-section-height-default elementor-section-height-default\" data-id=\"c35079b\" data-element_type=\"section\">\n\t\t\t\t\t\t<div class=\"elementor-container elementor-column-gap-default\">\n\t\t\t\t\t\t\t<div class=\"elementor-row\">\n\t\t\t\t\t<div class=\"elementor-column elementor-col-50 elementor-top-column elementor-element elementor-element-49b06e3\" data-id=\"49b06e3\" data-element_type=\"column\">\n\t\t\t<div class=\"elementor-column-wrap elementor-element-populated\">\n\t\t\t\t\t\t\t<div class=\"elementor-widget-wrap\">\n\t\t\t\t\t\t<div class=\"elementor-element elementor-element-a88be72 elementor-widget elementor-widget-image\" data-id=\"a88be72\" data-element_type=\"widget\" data-widget_type=\"image.default\">\n\t\t\t\t<div class=\"elementor-widget-container\">\n\t\t\t\t\t<div class=\"elementor-image\">\n\t\t\t\t\t\t\t<figure class=\"wp-caption\">\n\t\t\t\t\t\t\t\t\t\t<img width=\"900\" height=\"675\" src=\"http:\/\/bariot.ee\/wp-content\/uploads\/2021\/03\/Foto_Arkadi-1024x768.jpeg\" class=\"attachment-large size-large\" alt=\"\" loading=\"lazy\" srcset=\"http:\/\/bariot.ee\/wp-content\/uploads\/2021\/03\/Foto_Arkadi-1024x768.jpeg 1024w, http:\/\/bariot.ee\/wp-content\/uploads\/2021\/03\/Foto_Arkadi-300x225.jpeg 300w, http:\/\/bariot.ee\/wp-content\/uploads\/2021\/03\/Foto_Arkadi-768x576.jpeg 768w, http:\/\/bariot.ee\/wp-content\/uploads\/2021\/03\/Foto_Arkadi-1536x1152.jpeg 1536w, http:\/\/bariot.ee\/wp-content\/uploads\/2021\/03\/Foto_Arkadi-2048x1536.jpeg 2048w\" sizes=\"(max-width: 900px) 100vw, 900px\" \/>\t\t\t\t\t\t\t\t\t\t\t<figcaption class=\"widget-image-caption wp-caption-text\"><\/figcaption>\n\t\t\t\t\t\t\t\t\t\t<\/figure>\n\t\t\t\t\t<\/div>\n\t\t\t\t<\/div>\n\t\t\t\t<\/div>\n\t\t\t\t<div class=\"elementor-element elementor-element-7d17fc9 elementor-widget elementor-widget-heading\" data-id=\"7d17fc9\" data-element_type=\"widget\" data-widget_type=\"heading.default\">\n\t\t\t\t<div class=\"elementor-widget-container\">\n\t\t\t<h2 class=\"elementor-heading-title elementor-size-default\">Arkadi Beinenson<\/h2>\t\t<\/div>\n\t\t\t\t<\/div>\n\t\t\t\t<div class=\"elementor-element elementor-element-19559a0 elementor-shape-circle elementor-hidden-desktop elementor-hidden-tablet elementor-hidden-phone elementor-grid-0 elementor-widget elementor-widget-social-icons\" data-id=\"19559a0\" data-element_type=\"widget\" data-widget_type=\"social-icons.default\">\n\t\t\t\t<div class=\"elementor-widget-container\">\n\t\t\t\t\t<div class=\"elementor-social-icons-wrapper elementor-grid\">\n\t\t\t\t\t\t\t<div class=\"elementor-grid-item\">\n\t\t\t\t\t<a class=\"elementor-icon elementor-social-icon elementor-social-icon-facebook-f elementor-repeater-item-3fd43b8\" target=\"_blank\">\n\t\t\t\t\t\t<span class=\"elementor-screen-only\">Facebook-f<\/span>\n\t\t\t\t\t\t<i class=\"fab fa-facebook-f\"><\/i>\t\t\t\t\t<\/a>\n\t\t\t\t<\/div>\n\t\t\t\t\t\t\t<div class=\"elementor-grid-item\">\n\t\t\t\t\t<a class=\"elementor-icon elementor-social-icon elementor-social-icon-twitter elementor-repeater-item-debcca8\" target=\"_blank\">\n\t\t\t\t\t\t<span class=\"elementor-screen-only\">Twitter<\/span>\n\t\t\t\t\t\t<i class=\"fab fa-twitter\"><\/i>\t\t\t\t\t<\/a>\n\t\t\t\t<\/div>\n\t\t\t\t\t\t\t<div class=\"elementor-grid-item\">\n\t\t\t\t\t<a class=\"elementor-icon elementor-social-icon elementor-social-icon-instagram elementor-repeater-item-e069b40\" target=\"_blank\">\n\t\t\t\t\t\t<span class=\"elementor-screen-only\">Instagram<\/span>\n\t\t\t\t\t\t<i class=\"fab fa-instagram\"><\/i>\t\t\t\t\t<\/a>\n\t\t\t\t<\/div>\n\t\t\t\t\t<\/div>\n\t\t\t\t<\/div>\n\t\t\t\t<\/div>\n\t\t\t\t<div class=\"elementor-element elementor-element-f6dbc87 elementor-widget elementor-widget-heading\" data-id=\"f6dbc87\" data-element_type=\"widget\" data-widget_type=\"heading.default\">\n\t\t\t\t<div class=\"elementor-widget-container\">\n\t\t\t<p class=\"elementor-heading-title elementor-size-default\">Juhatuse esimees\n<br>Bariot Group<\/p>\t\t<\/div>\n\t\t\t\t<\/div>\n\t\t\t\t\t\t<\/div>\n\t\t\t\t\t<\/div>\n\t\t<\/div>\n\t\t\t\t<div class=\"elementor-column elementor-col-50 elementor-top-column elementor-element elementor-element-933d979\" data-id=\"933d979\" data-element_type=\"column\">\n\t\t\t<div class=\"elementor-column-wrap elementor-element-populated\">\n\t\t\t\t\t\t\t<div class=\"elementor-widget-wrap\">\n\t\t\t\t\t\t<div class=\"elementor-element elementor-element-e2ce912 elementor-widget elementor-widget-heading\" data-id=\"e2ce912\" data-element_type=\"widget\" data-widget_type=\"heading.default\">\n\t\t\t\t<div class=\"elementor-widget-container\">\n\t\t\t<h1 class=\"elementor-heading-title elementor-size-default\">Me ehitame endale<\/h1>\t\t<\/div>\n\t\t\t\t<\/div>\n\t\t\t\t<div class=\"elementor-element elementor-element-8306b56 elementor-widget elementor-widget-heading\" data-id=\"8306b56\" data-element_type=\"widget\" data-widget_type=\"heading.default\">\n\t\t\t\t<div class=\"elementor-widget-container\">\n\t\t\t<p class=\"elementor-heading-title elementor-size-default\"><b>Bariot Group<\/b> \u2013 see on perefirma, mis tegeleb premium klassi kinnisvara projektide arendamisega.\n<br><br>\nMe oleme maksimaalselt orienteeritud klientide huvidele, tunneme neid n\u00e4o j\u00e4rgi ja ei p\u00f6\u00f6ra pilku \u00e4ra,\nkui peaksime kohtuma t\u00e4naval v\u00f5i koridoris. M\u00f5nedega neist elame \u00fchel korrusel, samas majas. Seega v\u00e4ide, et <b>me ehitame endale<\/b>, ei ole lihtsalt s\u00f5nak\u00f5lks, vaid objektiivne reaalsus.\n<br><br>\nSelline l\u00e4henemine t\u00e4hendab maksimaalset vastutust tulemuse eest. K\u00f5rge kvaliteet, esteetika, mugavus\nja teostatavate projektide tehnoloogia on meile t\u00e4htsam kui kasum iga hinna eest.\n<br><br>\nOleme veendunud, et 20-aastane ehitusalane kogemus, vastutustundlik l\u00e4henemine ja arukad\njuhtimisotsused tagavad premium klassi toodangu m\u00f5istliku hinnaga. Ja iga meie projekt on sellele\nkinnituseks.\n<br><br>\nMe ei ole suurarendajad ja ei soovi nendeks saada.\n<br><br>\nMeie valik \u2013 stabiilne kasv, auahned arendusprojektid, mis \u00fchendavad julget arhitektuuri, kaasaegseid\ntehnoloogiaid ja \u00fclimat hoolt kliendi eest.\n\n<br><br><b>Soovides teie koju rahu ja soojust,<\/b><br>Arkadi Beinenson<br><b>Bariot Group'i<\/b> juhatuse esimees <\/p>\t\t<\/div>\n\t\t\t\t<\/div>\n\t\t\t\t\t\t<\/div>\n\t\t\t\t\t<\/div>\n\t\t<\/div>\n\t\t\t\t\t\t\t\t<\/div>\n\t\t\t\t\t<\/div>\n\t\t<\/section>\n\t\t\t\t\t\t<\/div>\n\t\t\t\t\t\t<\/div>\n\t\t\t\t\t<\/div>\n\t\t","protected":false},"excerpt":{"rendered":"<p>Arkadi Beinenson Facebook-f Twitter Instagram Juhatuse esimees Bariot Group Me ehitame endale Bariot Group \u2013 see on perefirma, mis tegeleb premium klassi kinnisvara projektide arendamisega. Me oleme maksimaalselt orienteeritud klientide huvidele, tunneme neid n\u00e4o j\u00e4rgi ja ei p\u00f6\u00f6ra pilku \u00e4ra, kui peaksime kohtuma t\u00e4naval v\u00f5i koridoris. M\u00f5nedega neist elame \u00fchel korrusel, samas majas. Seega v\u00e4ide,&#8230;<\/p>\n","protected":false},"author":2,"featured_media":0,"parent":0,"menu_order":0,"comment_status":"closed","ping_status":"closed","template":"template-page_builder.php","meta":[],"_links":{"self":[{"href":"http:\/\/bariot.ee\/et\/wp-json\/wp\/v2\/pages\/2921"}],"collection":[{"href":"http:\/\/bariot.ee\/et\/wp-json\/wp\/v2\/pages"}],"about":[{"href":"http:\/\/bariot.ee\/et\/wp-json\/wp\/v2\/types\/page"}],"author":[{"embeddable":true,"href":"http:\/\/bariot.ee\/et\/wp-json\/wp\/v2\/users\/2"}],"replies":[{"embeddable":true,"href":"http:\/\/bariot.ee\/et\/wp-json\/wp\/v2\/comments?post=2921"}],"version-history":[{"count":41,"href":"http:\/\/bariot.ee\/et\/wp-json\/wp\/v2\/pages\/2921\/revisions"}],"predecessor-version":[{"id":3517,"href":"http:\/\/bariot.ee\/et\/wp-json\/wp\/v2\/pages\/2921\/revisions\/3517"}],"wp:attachment":[{"href":"http:\/\/bariot.ee\/et\/wp-json\/wp\/v2\/media?parent=2921"}],"curies":[{"name":"wp","href":"https:\/\/api.w.org\/{rel}","templated":true}]}}